{"id":1432,"date":"2026-02-21T10:21:15","date_gmt":"2026-02-21T09:21:15","guid":{"rendered":"https:\/\/vanhandnaargeest.org\/?page_id=1432"},"modified":"2026-04-16T22:01:57","modified_gmt":"2026-04-16T20:01:57","slug":"opleiding-van-hand-naar-geest","status":"publish","type":"page","link":"https:\/\/vanhandnaargeest.org\/en\/opleiding-van-hand-naar-geest\/","title":{"rendered":"Opleiding Van Hand naar Geest"},"content":{"rendered":"<div class=\"wp-block-group alignfull has-global-padding is-layout-constrained wp-container-core-group-is-layout-490fa1db wp-block-group-is-layout-constrained\" style=\"padding-top:var(--wp--preset--spacing--50);padding-right:var(--wp--preset--spacing--50);padding-bottom:var(--wp--preset--spacing--50);padding-left:var(--wp--preset--spacing--50)\">\n<div class=\"wp-block-group has-global-padding is-layout-constrained wp-container-core-group-is-layout-650790e1 wp-block-group-is-layout-constrained\">\n<h1 class=\"wp-block-heading has-text-align-center has-x-large-font-size\"><em>\ud83c\udfdb <\/em><\/h1>\n\n\n\n<h2 class=\"wp-block-heading has-text-align-center\">De Ontwikkelingsboog<\/h2>\n\n\n\n<p class=\"has-text-align-center has-base-2-color has-text-color has-link-color wp-elements-feea599373e99b151487c04bc427488a\">\u00b0\u00b0\u00b0<\/p>\n\n\n\n<p class=\"has-text-align-center\"><\/p>\n\n\n\n<p class=\"has-contrast-color has-base-background-color has-text-color has-background has-link-color has-large-font-size wp-elements-14f522f3758dbe3b37983f2d03b78fa2\">Ervaren therapeut \u2192 Toegepaste veldfysioloog \u2192 Bewuste zorgarchitect<\/p>\n<\/div>\n\n\n\n<p><\/p>\n\n\n\n<div class=\"wp-block-group has-global-padding is-layout-constrained wp-container-core-group-is-layout-650790e1 wp-block-group-is-layout-constrained\">\n<p>De opleiding van de Van Hand naar Geest Academie is geen techniekcursus, maar een ontwikkelingsgericht traject voor ervaren therapeuten die hun <em>professionele identiteit willen verdiepen.<\/em><\/p>\n\n\n\n<p><\/p>\n\n\n\n<p><\/p>\n\n\n\n<p class=\"has-text-align-left\">We structureren deze opleiding in drie heldere fasen:<\/p>\n\n\n\n<p class=\"has-text-align-left\"><\/p>\n\n\n\n<div style=\"height:1.25rem\" aria-hidden=\"true\" class=\"wp-block-spacer\"><\/div>\n<\/div>\n\n\n\n<div style=\"height:var(--wp--preset--spacing--30)\" aria-hidden=\"true\" class=\"wp-block-spacer\"><\/div>\n\n\n\n<figure class=\"wp-block-image alignwide size-full is-style-rounded is-style-rounded--1\"><img decoding=\"async\" src=\"https:\/\/vanhandnaargeest.org\/wp-content\/themes\/twentytwentyfour\/assets\/images\/building-exterior.webp\" alt=\"Buitenkant gebouw in Toronto, Canada\"\/><\/figure>\n<\/div>\n\n\n\n<div class=\"wp-block-group alignfull has-base-2-background-color has-background has-global-padding is-layout-constrained wp-container-core-group-is-layout-669513ed wp-block-group-is-layout-constrained\" style=\"margin-top:0;margin-bottom:0;padding-top:var(--wp--preset--spacing--50);padding-right:var(--wp--preset--spacing--50);padding-bottom:var(--wp--preset--spacing--50);padding-left:var(--wp--preset--spacing--50)\">\n<div style=\"margin-top:0;margin-bottom:0;height:var(--wp--preset--spacing--40)\" aria-hidden=\"true\" class=\"wp-block-spacer\"><\/div>\n\n\n\n<div class=\"wp-block-columns alignwide is-layout-flex wp-container-core-columns-is-layout-d0bbbce0 wp-block-columns-is-layout-flex\">\n<div class=\"wp-block-column is-layout-flow wp-container-core-column-is-layout-e3d1c41b wp-block-column-is-layout-flow\">\n<h3 class=\"wp-block-heading has-text-align-left is-style-asterisk has-body-font-family has-medium-font-size\" style=\"font-style:normal;font-weight:600\">\ud83c\udf3f FASE 1 \u2014 HERORI\u00cbNTATIE<\/h3>\n\n\n\n<p class=\"has-medium-font-size\"><em>Van lineair behandelen naar veldmatig denken<\/em><\/p>\n\n\n\n<hr class=\"wp-block-separator aligncenter has-alpha-channel-opacity\"\/>\n\n\n\n<h4 class=\"wp-block-heading has-small-font-size\">\ud83c\udfaf Doel<\/h4>\n\n\n\n<p class=\"has-medium-font-size\">De therapeut leert het lichaam en de zorgrelatie zien als dynamisch veld.<\/p>\n\n\n\n<h4 class=\"wp-block-heading has-small-font-size\">\ud83d\udd04 Innerlijke verschuiving<\/h4>\n\n\n\n<p>Van: techniek en correctie<br>Naar: samenhang en dynamiek<\/p>\n\n\n\n<p>Van: \u201cWat is er mis?\u201d<br>Naar: \u201cWat gebeurt er in dit veld?\u201d<\/p>\n\n\n\n<h4 class=\"wp-block-heading has-small-font-size\">\ud83e\udde0 Te ontwikkelen competenties<\/h4>\n\n\n\n<ul class=\"wp-block-list\">\n<li>Denken in samenhang i.p.v. fragmentatie<\/li>\n\n\n\n<li>Fysiologie begrijpen als relationeel proces<\/li>\n\n\n\n<li>Waarneming verdiepen (resonantie, respons)<\/li>\n\n\n\n<li>Vertragen v\u00f3\u00f3r interveni\u00ebren<\/li>\n\n\n\n<li>Intu\u00eftie beginnen expliciteren<\/li>\n<\/ul>\n\n\n\n<h4 class=\"wp-block-heading has-small-font-size\">\ud83d\udccc Evaluatiepunt<\/h4>\n\n\n\n<p>De deelnemer kan:<\/p>\n\n\n\n<ul class=\"wp-block-list\">\n<li>Een casus veldmatig analyseren<\/li>\n\n\n\n<li>Uitleggen wat \u201cveld\u201d betekent in klinische context<\/li>\n\n\n\n<li>Beschrijven hoe zijn\/haar waarneming veranderd is<\/li>\n<\/ul>\n\n\n\n<p class=\"has-text-align-left has-text-color has-link-color wp-elements-98c88c68e69be72484dfa64a6c3e2d40\" style=\"color:#83a9e3\">\u27a1 Status aan het einde:&nbsp;<strong>Velddenker<\/strong><\/p>\n<\/div>\n\n\n\n<div class=\"wp-block-column is-layout-flow wp-container-core-column-is-layout-e3d1c41b wp-block-column-is-layout-flow\">\n<h3 class=\"wp-block-heading has-text-align-left is-style-asterisk has-body-font-family has-medium-font-size\" style=\"font-style:normal;font-weight:600\">\ud83c\udf0a FASE 2 \u2014 INTEGRATIE<\/h3>\n\n\n\n<p class=\"has-medium-font-size\"><em>Van velddenker naar toegepaste veldfysioloog<\/em><\/p>\n\n\n\n<hr class=\"wp-block-separator aligncenter has-alpha-channel-opacity\"\/>\n\n\n\n<h4 class=\"wp-block-heading has-small-font-size\">\ud83c\udfaf Doel<\/h4>\n\n\n\n<p class=\"has-medium-font-size\">Het velddenken wordt klinisch ge\u00efntegreerd en systematisch toepasbaar.<\/p>\n\n\n\n<h4 class=\"wp-block-heading has-small-font-size\">\ud83d\udd04 Innerlijke verschuiving<\/h4>\n\n\n\n<p>Van: inzicht begrijpen<br>Naar: inzicht belichamen in praktijk<\/p>\n\n\n\n<p>Van: veld zien<br>Naar: veldgericht werken<\/p>\n\n\n\n<h4 class=\"wp-block-heading has-small-font-size\">\ud83e\udde0 Te ontwikkelen competenties<\/h4>\n\n\n\n<ul class=\"wp-block-list\">\n<li>Interventies afstemmen op veldrespons<\/li>\n\n\n\n<li>Minimale maar gerichte interventies<\/li>\n\n\n\n<li>Casusbespreking in veldlogica<\/li>\n\n\n\n<li>Klassieke fysiologie herinterpreteren<\/li>\n\n\n\n<li>Klinische keuzes verantwoorden vanuit veld<\/li>\n<\/ul>\n\n\n\n<h4 class=\"wp-block-heading has-small-font-size\">\ud83d\udccc Evaluatiepunt<\/h4>\n\n\n\n<p>De deelnemer kan:<\/p>\n\n\n\n<ul class=\"wp-block-list\">\n<li>Een behandeling veldbewust ontwerpen<\/li>\n\n\n\n<li>Zijn\/haar interventies verantwoorden<\/li>\n\n\n\n<li>Intu\u00eftieve keuzes expliciteren<\/li>\n<\/ul>\n\n\n\n<p class=\"has-text-color has-link-color wp-elements-ecb0e1b58ee89fcfdb57b60487270890\" style=\"color:#83a9e3\">\u27a1 Status aan het einde:&nbsp;<strong><a href=\"https:\/\/vanhandnaargeest.org\/en\/toegepaste-veldfysiologie\/\">Toegepaste veldfysioloog<\/a><\/strong><\/p>\n\n\n\n<p class=\"has-text-align-left\"><\/p>\n<\/div>\n\n\n\n<div class=\"wp-block-column is-layout-flow wp-container-core-column-is-layout-e3d1c41b wp-block-column-is-layout-flow\">\n<h3 class=\"wp-block-heading has-text-align-left is-style-asterisk has-body-font-family has-medium-font-size\" style=\"font-style:normal;font-weight:600\">\ud83c\udfd7 FASE 3 \u2014 ARCHITECTUUR<\/h3>\n\n\n\n<p class=\"has-medium-font-size\"><em>Van veldfysioloog naar <a href=\"https:\/\/vanhandnaargeest.org\/en\/bewuste-zorgarchitect-hoezo\/\">bewuste zorgarchitect<\/a><\/em><\/p>\n\n\n\n<hr class=\"wp-block-separator aligncenter has-alpha-channel-opacity\"\/>\n\n\n\n<h4 class=\"wp-block-heading has-small-font-size\">\ud83c\udfaf Doel<\/h4>\n\n\n\n<p class=\"has-medium-font-size\">De deelnemer groeit van veldmatig werkende professional naar ontwerper van zorg.<\/p>\n\n\n\n<h4 class=\"wp-block-heading has-small-font-size\">\ud83d\udd04 Innerlijke verschuiving<\/h4>\n\n\n\n<p>Van: goed werken<br>Naar: zorg ontwerpen en structureren<\/p>\n\n\n\n<p>Van: individuele interventie<br>Naar: methodisch kader<\/p>\n\n\n\n<h4 class=\"wp-block-heading has-small-font-size\">\ud83e\udde0 Te ontwikkelen competenties<\/h4>\n\n\n\n<ul class=\"wp-block-list\">\n<li>Eigen zorgvisie expliciteren<\/li>\n\n\n\n<li>Methodiek structureren<\/li>\n\n\n\n<li>Filosofie en kliniek integreren<\/li>\n\n\n\n<li>AI positioneren als hulpmiddel<\/li>\n\n\n\n<li>Overdracht en mentorschap ontwikkelen<\/li>\n\n\n\n<li>Reflectie structureel inbouwen<\/li>\n<\/ul>\n\n\n\n<h4 class=\"wp-block-heading has-small-font-size\">\ud83d\udccc Evaluatiepunt<\/h4>\n\n\n\n<p>De deelnemer kan:<\/p>\n\n\n\n<ul class=\"wp-block-list\">\n<li>Zijn\/haar zorgmodel helder formuleren<\/li>\n\n\n\n<li>Casussen systemisch en filosofisch kaderen<\/li>\n\n\n\n<li>Uitleggen hoe hij\/zij zorg ontwerpt<\/li>\n\n\n\n<li>Reflecteren op professionele identiteit<\/li>\n<\/ul>\n\n\n\n<p class=\"has-text-align-left has-text-color has-link-color wp-elements-0e9019164de0903f439549ae0fb61a7e\" style=\"color:#83a9e3\">\u27a1 Eindstatus:&nbsp;<strong>Bewuste zorgarchitect<\/strong><\/p>\n<\/div>\n<\/div>\n\n\n\n<div style=\"height:var(--wp--preset--spacing--20)\" aria-hidden=\"true\" class=\"wp-block-spacer\"><\/div>\n\n\n\n<div class=\"wp-block-columns alignwide is-layout-flex wp-container-core-columns-is-layout-d0bbbce0 wp-block-columns-is-layout-flex\">\n<div class=\"wp-block-column is-layout-flow wp-container-core-column-is-layout-e3d1c41b wp-block-column-is-layout-flow\">\n<h3 class=\"wp-block-heading has-text-align-left is-style-asterisk has-body-font-family has-medium-font-size\" style=\"font-style:normal;font-weight:600\">We structureren deze opleiding in drie heldere fasen:<\/h3>\n\n\n\n<p class=\"has-text-align-left\">1\ufe0f\u20e3 Herori\u00ebntatie<br>2\ufe0f\u20e3 Integratie<br>3\ufe0f\u20e3 Architectuur<\/p>\n<\/div>\n\n\n\n<div class=\"wp-block-column is-layout-flow wp-container-core-column-is-layout-e3d1c41b wp-block-column-is-layout-flow\">\n<h3 class=\"wp-block-heading has-text-align-left is-style-asterisk has-body-font-family has-medium-font-size\" style=\"font-style:normal;font-weight:600\">Voor therapeuten die voelen dat hun vak meer vraagt dan uitvoering alleen.<\/h3>\n\n\n\n<p>Er is een groep van therapeuten die:<\/p>\n\n\n\n<ul class=\"wp-block-list\">\n<li>Technisch al competent is<\/li>\n\n\n\n<li>Voelt dat er iets ontbreekt<\/li>\n\n\n\n<li>Moe wordt van eindeloze techniek-cursussen<\/li>\n\n\n\n<li>Intu\u00eftief werkt maar het niet kan kaderen<\/li>\n\n\n\n<li>Filosofisch rijpt<\/li>\n\n\n\n<li>Voelt dat 1-op-1 behandelen niet het eindstation is<\/li>\n<\/ul>\n\n\n\n<p>Deze mensen zoeken geen techniek. Die zoeken professionele identiteitsverdieping.<\/p>\n\n\n\n<p>Voor hen is <em>zorgarchitect<\/em> bevrijdend. Niet echt bedoeld als een nieuwe titel, eerder een evolutie in professionele maturiteit.<\/p>\n<\/div>\n\n\n\n<div class=\"wp-block-column is-layout-flow wp-container-core-column-is-layout-e3d1c41b wp-block-column-is-layout-flow\">\n<h3 class=\"wp-block-heading has-text-align-left is-style-asterisk has-body-font-family has-medium-font-size\" style=\"font-style:normal;font-weight:600\">Veldbewust en ontwerpend werken in zorg.<\/h3>\n\n\n\n<p>Je ontwikkelt:<\/p>\n\n\n\n<ul class=\"wp-block-list\">\n<li>Een relationeel en samenhangend zorgdenken<\/li>\n\n\n\n<li>Toegepaste veldfysiologie als klinisch fundament<\/li>\n\n\n\n<li>Een heldere en expliciete zorgvisie<\/li>\n\n\n\n<li>Een manier van werken die coherent, reflectief en duurzaam is<\/li>\n<\/ul>\n\n\n\n<p>Deze opleiding is geen alternatief voor reguliere zorg, maar een verdieping ervan.<\/p>\n\n\n\n<p class=\"has-text-align-left\">Zachter waar mogelijk. Preciezer waar nodig.<br>Bewuster in elke beslissing.<\/p>\n\n\n\n<div class=\"wp-block-buttons is-layout-flex wp-block-buttons-is-layout-flex\">\n<div class=\"wp-block-button\"><a class=\"wp-block-button__link has-background wp-element-button\" href=\"https:\/\/vanhandnaargeest.org\/en\/courses\/proeflessen-van-hand-naar-geest\/\" style=\"background-color:#fa9d07e3\">Ga naar de proefles<\/a><\/div>\n<\/div>\n<\/div>\n<\/div>\n<\/div>\n\n\n\n<div class=\"wp-block-group alignfull has-global-padding is-layout-constrained wp-container-core-group-is-layout-d89aad35 wp-block-group-is-layout-constrained\" style=\"margin-top:0;margin-bottom:0;padding-top:var(--wp--preset--spacing--50);padding-right:var(--wp--preset--spacing--50);padding-bottom:var(--wp--preset--spacing--50);padding-left:var(--wp--preset--spacing--50)\">\n<div class=\"wp-block-group alignwide has-global-padding is-layout-constrained wp-container-core-group-is-layout-19e250f3 wp-block-group-is-layout-constrained\">\n<div class=\"wp-block-columns alignwide is-layout-flex wp-container-core-columns-is-layout-d1c656ed wp-block-columns-is-layout-flex\">\n<div class=\"wp-block-column is-vertically-aligned-center is-layout-flow wp-block-column-is-layout-flow\" style=\"flex-basis:40%\">\n<h3 class=\"wp-block-heading\">\ud83c\udf19&nbsp;<strong>Inschrijving &amp; Updates<\/strong><\/h3>\n\n\n\n<p class=\"has-text-align-center\"><strong>De opleidingen starten vanaf&nbsp; begin mei 2026.<\/strong><br>Wil je als eerste toegang krijgen tot de inschrijvingen? Dat kan door een <a href=\"https:\/\/vanhandnaargeest.org\/en\/registration\/\" data-type=\"page\" data-id=\"784\">account aan te maken<\/a> en de proefles te volgen. Dit kan nu reeds. Je krijgt dan de inleiding en Les 1 For Free.<\/p>\n\n\n\n<blockquote class=\"wp-block-quote is-layout-flow wp-block-quote-is-layout-flow\">\n<p class=\"has-x-large-font-size\">Het verschil in houding: voor &amp; na<\/p>\n<\/blockquote>\n<\/div>\n\n\n\n<div class=\"wp-block-column is-layout-flow wp-block-column-is-layout-flow\"><\/div>\n\n\n\n<div class=\"wp-block-column is-layout-flow wp-block-column-is-layout-flow\" style=\"flex-basis:50%\">\n<figure class=\"wp-block-image size-full is-style-rounded is-style-rounded--2\"><img loading=\"lazy\" decoding=\"async\" width=\"1024\" height=\"1024\" src=\"https:\/\/vanhandnaargeest.org\/wp-content\/uploads\/2026\/03\/kantelpunt-20260318_1925_Image-Generation_remix_01km132hf4fkc8a0x1w1gn0afh.png\" alt=\"KANTELPUNT\" class=\"wp-image-1775\" srcset=\"https:\/\/vanhandnaargeest.org\/wp-content\/uploads\/2026\/03\/kantelpunt-20260318_1925_Image-Generation_remix_01km132hf4fkc8a0x1w1gn0afh.png 1024w, https:\/\/vanhandnaargeest.org\/wp-content\/uploads\/2026\/03\/kantelpunt-20260318_1925_Image-Generation_remix_01km132hf4fkc8a0x1w1gn0afh-300x300.png 300w, https:\/\/vanhandnaargeest.org\/wp-content\/uploads\/2026\/03\/kantelpunt-20260318_1925_Image-Generation_remix_01km132hf4fkc8a0x1w1gn0afh-150x150.png 150w, https:\/\/vanhandnaargeest.org\/wp-content\/uploads\/2026\/03\/kantelpunt-20260318_1925_Image-Generation_remix_01km132hf4fkc8a0x1w1gn0afh-768x768.png 768w, https:\/\/vanhandnaargeest.org\/wp-content\/uploads\/2026\/03\/kantelpunt-20260318_1925_Image-Generation_remix_01km132hf4fkc8a0x1w1gn0afh-12x12.png 12w, https:\/\/vanhandnaargeest.org\/wp-content\/uploads\/2026\/03\/kantelpunt-20260318_1925_Image-Generation_remix_01km132hf4fkc8a0x1w1gn0afh-600x600.png 600w, https:\/\/vanhandnaargeest.org\/wp-content\/uploads\/2026\/03\/kantelpunt-20260318_1925_Image-Generation_remix_01km132hf4fkc8a0x1w1gn0afh-100x100.png 100w\" sizes=\"auto, (max-width: 1024px) 100vw, 1024px\" \/><\/figure>\n<\/div>\n<\/div>\n\n\n\n<div class=\"wp-block-columns alignwide is-layout-flex wp-container-core-columns-is-layout-d1c656ed wp-block-columns-is-layout-flex\">\n<div class=\"wp-block-column is-layout-flow wp-block-column-is-layout-flow\" style=\"flex-basis:50%\">\n<figure class=\"wp-block-image size-large is-style-rounded is-style-rounded--3\"><img decoding=\"async\" src=\"https:\/\/vanhandnaargeest.org\/wp-content\/themes\/twentytwentyfour\/assets\/images\/windows.webp\" alt=\"Ramen van een gebouw in Neurenberg, Duitsland\"\/><\/figure>\n<\/div>\n\n\n\n<div class=\"wp-block-column is-vertically-aligned-center is-layout-flow wp-block-column-is-layout-flow\" style=\"flex-basis:40%\">\n<h3 class=\"wp-block-heading is-style-asterisk\">Op basis van Jo&#8217;s boeken<\/h3>\n\n\n\n<ul style=\"line-height:1.75\" class=\"wp-block-list is-style-checkmark-list\">\n<li>De Technologie van het Wonder (2013)<\/li>\n\n\n\n<li>De Kat in de Behandelkamer (2025)<\/li>\n\n\n\n<li><em>en een stem uit Het Veld<\/em><\/li>\n<\/ul>\n<\/div>\n<\/div>\n<\/div>\n<\/div>\n\n\n\n<div class=\"wp-block-group alignfull has-base-color has-contrast-background-color has-text-color has-background has-global-padding is-layout-constrained wp-container-core-group-is-layout-ef3d885c wp-block-group-is-layout-constrained\" style=\"margin-top:0;margin-bottom:0;padding-top:var(--wp--preset--spacing--60);padding-right:var(--wp--preset--spacing--60);padding-bottom:var(--wp--preset--spacing--60);padding-left:var(--wp--preset--spacing--60)\">\n<div class=\"wp-block-group has-global-padding is-layout-constrained wp-block-group-is-layout-constrained\">\n<p class=\"has-text-align-center has-base-color has-text-color has-heading-font-family has-x-large-font-size\" style=\"line-height:1.2\"><em>&#8220;Er is maar \u00e9\u00e9n intelligentie: namelijk intelligentie&#8221;<\/em><\/p>\n\n\n\n<div style=\"height:var(--wp--preset--spacing--10)\" aria-hidden=\"true\" class=\"wp-block-spacer\"><\/div>\n<\/div>\n\n\n\n<div class=\"wp-block-group is-vertical is-content-justification-center is-nowrap is-layout-flex wp-container-core-group-is-layout-2dc08cea wp-block-group-is-layout-flex\">\n<figure class=\"wp-block-image aligncenter size-thumbnail is-resized has-custom-border\"><img loading=\"lazy\" decoding=\"async\" width=\"150\" height=\"150\" src=\"https:\/\/vanhandnaargeest.org\/wp-content\/uploads\/2025\/12\/houden-video-7Ve-jo-duif-kat-en-boom-mp4-image-150x150.jpg\" alt=\"\" class=\"wp-image-664\" style=\"border-radius:100px;aspect-ratio:1;object-fit:cover;width:60px\" srcset=\"https:\/\/vanhandnaargeest.org\/wp-content\/uploads\/2025\/12\/houden-video-7Ve-jo-duif-kat-en-boom-mp4-image-150x150.jpg 150w, https:\/\/vanhandnaargeest.org\/wp-content\/uploads\/2025\/12\/houden-video-7Ve-jo-duif-kat-en-boom-mp4-image-300x300.jpg 300w, https:\/\/vanhandnaargeest.org\/wp-content\/uploads\/2025\/12\/houden-video-7Ve-jo-duif-kat-en-boom-mp4-image-100x100.jpg 100w\" sizes=\"auto, (max-width: 150px) 100vw, 150px\" \/><\/figure>\n\n\n\n<p class=\"has-text-align-center\" style=\"margin-top:var(--wp--preset--spacing--10);margin-bottom:0\">Veerle &amp; Jo Vandemeulebroucke<\/p>\n\n\n\n<p class=\"has-text-align-center has-contrast-3-color has-text-color has-small-font-size\" style=\"font-style:normal;font-weight:300\">Mede-stichters<\/p>\n<\/div>\n<\/div>\n\n\n\n<div class=\"wp-block-group alignfull has-global-padding is-layout-constrained wp-container-core-group-is-layout-d89aad35 wp-block-group-is-layout-constrained\" style=\"margin-top:0;margin-bottom:0;padding-top:var(--wp--preset--spacing--50);padding-right:var(--wp--preset--spacing--50);padding-bottom:var(--wp--preset--spacing--50);padding-left:var(--wp--preset--spacing--50)\">\n<h2 class=\"wp-block-heading alignwide has-x-large-font-size\" style=\"margin-top:0;margin-bottom:var(--wp--preset--spacing--40);line-height:1\">Bekijk, lees, beluister<\/h2>\n\n\n\n<div class=\"wp-block-group alignwide has-global-padding is-layout-constrained wp-block-group-is-layout-constrained\">\n<div class=\"wp-block-query alignwide is-layout-flow wp-block-query-is-layout-flow\">\n\n\n<div style=\"height:var(--wp--preset--spacing--30)\" aria-hidden=\"true\" class=\"wp-block-spacer\"><\/div>\n\n\n\n\n<div class=\"wp-block-query-no-results\">\n\n<p>Er zijn geen berichten gevonden.<\/p>\n\n<\/div><\/div>\n<\/div>\n<\/div>\n\n\n\n<div class=\"wp-block-group alignfull has-global-padding is-layout-constrained wp-container-core-group-is-layout-d89aad35 wp-block-group-is-layout-constrained\" style=\"margin-top:0;margin-bottom:0;padding-top:var(--wp--preset--spacing--50);padding-right:var(--wp--preset--spacing--50);padding-bottom:var(--wp--preset--spacing--50);padding-left:var(--wp--preset--spacing--50)\">\n<div class=\"wp-block-group alignwide has-base-2-background-color has-background has-global-padding is-layout-constrained wp-container-core-group-is-layout-39412042 wp-block-group-is-layout-constrained\" style=\"border-radius:16px;padding-top:var(--wp--preset--spacing--40);padding-right:var(--wp--preset--spacing--50);padding-bottom:var(--wp--preset--spacing--40);padding-left:var(--wp--preset--spacing--50)\">\n<div style=\"height:var(--wp--preset--spacing--10)\" aria-hidden=\"true\" class=\"wp-block-spacer\"><\/div>\n\n\n\n<h2 class=\"wp-block-heading has-text-align-center has-x-large-font-size\">Maak hier jouw account aan<\/h2>\n\n\n\n<div class=\"wp-block-buttons is-content-justification-center is-layout-flex wp-container-core-buttons-is-layout-a89b3969 wp-block-buttons-is-layout-flex\">\n<div class=\"wp-block-button\"><a class=\"wp-block-button__link wp-element-button\" href=\"https:\/\/vanhandnaargeest.org\/en\/registration\/\">Registreren<\/a><\/div>\n<\/div>\n\n\n\n<div style=\"height:var(--wp--preset--spacing--10)\" aria-hidden=\"true\" class=\"wp-block-spacer\"><\/div>\n<\/div>\n<\/div>\n\n\n\n<p><\/p>","protected":false},"excerpt":{"rendered":"<p>\ud83c\udfdb De Ontwikkelingsboog \u00b0\u00b0\u00b0 Ervaren therapeut \u2192 Toegepaste veldfysioloog \u2192 Bewuste zorgarchitect De opleiding van de Van Hand naar Geest Academie is geen techniekcursus, maar een ontwikkelingsgericht traject voor ervaren therapeuten die hun professionele identiteit willen verdiepen. We structureren deze opleiding in drie heldere fasen: \ud83c\udf3f FASE 1 \u2014 HERORI\u00cbNTATIE Van lineair behandelen naar veldmatig [&hellip;]<\/p>\n","protected":false},"author":1,"featured_media":0,"parent":0,"menu_order":0,"comment_status":"closed","ping_status":"closed","template":"","meta":{"_kadence_starter_templates_imported_post":false,"footnotes":""},"class_list":["post-1432","page","type-page","status-publish","hentry"],"jetpack_sharing_enabled":true,"_links":{"self":[{"href":"https:\/\/vanhandnaargeest.org\/en\/wp-json\/wp\/v2\/pages\/1432","targetHints":{"allow":["GET"]}}],"collection":[{"href":"https:\/\/vanhandnaargeest.org\/en\/wp-json\/wp\/v2\/pages"}],"about":[{"href":"https:\/\/vanhandnaargeest.org\/en\/wp-json\/wp\/v2\/types\/page"}],"author":[{"embeddable":true,"href":"https:\/\/vanhandnaargeest.org\/en\/wp-json\/wp\/v2\/users\/1"}],"replies":[{"embeddable":true,"href":"https:\/\/vanhandnaargeest.org\/en\/wp-json\/wp\/v2\/comments?post=1432"}],"version-history":[{"count":5,"href":"https:\/\/vanhandnaargeest.org\/en\/wp-json\/wp\/v2\/pages\/1432\/revisions"}],"predecessor-version":[{"id":1869,"href":"https:\/\/vanhandnaargeest.org\/en\/wp-json\/wp\/v2\/pages\/1432\/revisions\/1869"}],"wp:attachment":[{"href":"https:\/\/vanhandnaargeest.org\/en\/wp-json\/wp\/v2\/media?parent=1432"}],"curies":[{"name":"wp","href":"https:\/\/api.w.org\/{rel}","templated":true}]}}